{"id":27350,"date":"2024-09-30T01:54:06","date_gmt":"2024-09-30T07:54:06","guid":{"rendered":"https:\/\/profesionales.vip\/formacionpro\/?post_type=product&#038;p=27350"},"modified":"2026-03-08T16:12:41","modified_gmt":"2026-03-08T22:12:41","slug":"video-musical-empresarial","status":"publish","type":"product","link":"https:\/\/profesionales.vip\/formacionpro\/producto\/video-musical-empresarial\/","title":{"rendered":"V\u00eddeo musical empresarial"},"content":{"rendered":"<p>Podr\u00e1s tener tu canci\u00f3n personalizada con v\u00eddeo para tu empresa (canci\u00f3n de m\u00e1ximo 3 minutos).<\/p>\n<p>Podr\u00e1s solicitar cambios a la letra, v\u00eddeo o ritmo de tu canci\u00f3n. Podr\u00e1s proporcionar v\u00eddeos de tu empresa para que estos sean incluidos en el v\u00eddeo musical.<\/p>\n<p>El precio incluye una canci\u00f3n con v\u00eddeo o si lo prefieres puedes solicitar 2 canciones sin v\u00eddeo. Como referencia, puedes escuchar las siguientes canciones publicadas en el canal JRecinos Profesional.<\/p>\n<p>&nbsp;<\/p>\n<p>Ejemplos:<\/p>\n<p><a href=\"https:\/\/www.youtube.com\/playlist?list=PLTH6We0J9W8f1ZVqHzBS3R2bzY2tjoj0d\">https:\/\/www.youtube.com\/playlist?list=PLTH6We0J9W8f1ZVqHzBS3R2bzY2tjoj0d<\/a><\/p>\n","protected":false},"excerpt":{"rendered":"<p>Video musical empresarial<\/p>\n","protected":false},"featured_media":27514,"template":"","meta":{"_surecart_dashboard_logo_width":"180px","_surecart_dashboard_show_logo":true,"_surecart_dashboard_navigation_orders":true,"_surecart_dashboard_navigation_subscriptions":true,"_surecart_dashboard_navigation_downloads":true,"_surecart_dashboard_navigation_billing":true,"_surecart_dashboard_navigation_account":true,"_uag_custom_page_level_css":"","site-sidebar-layout":"default","site-content-layout":"","ast-site-content-layout":"default","site-content-style":"default","site-sidebar-style":"default","ast-global-header-display":"","ast-banner-title-visibility":"","ast-main-header-display":"","ast-hfb-above-header-display":"","ast-hfb-below-header-display":"","ast-hfb-mobile-header-display":"","site-post-title":"","ast-breadcrumbs-content":"","ast-featured-img":"","footer-sml-layout":"","theme-transparent-header-meta":"default","adv-header-id-meta":"","stick-header-meta":"","header-above-stick-meta":"","header-main-stick-meta":"","header-below-stick-meta":"","astra-migrate-meta-layouts":"set","ast-page-background-enabled":"default","ast-page-background-meta":{"desktop":{"background-color":"","background-image":"","background-repeat":"repeat","background-position":"center center","background-size":"auto","background-attachment":"scroll","background-type":"","background-media":"","overlay-type":"","overlay-color":"","overlay-opacity":"","overlay-gradient":""},"tablet":{"background-color":"","background-image":"","background-repeat":"repeat","background-position":"center center","background-size":"auto","background-attachment":"scroll","background-type":"","background-media":"","overlay-type":"","overlay-color":"","overlay-opacity":"","overlay-gradient":""},"mobile":{"background-color":"","background-image":"","background-repeat":"repeat","background-position":"center center","background-size":"auto","background-attachment":"scroll","background-type":"","background-media":"","overlay-type":"","overlay-color":"","overlay-opacity":"","overlay-gradient":""}},"ast-content-background-meta":{"desktop":{"background-color":"var(--ast-global-color-5)","background-image":"","background-repeat":"repeat","background-position":"center center","background-size":"auto","background-attachment":"scroll","background-type":"","background-media":"","overlay-type":"","overlay-color":"","overlay-opacity":"","overlay-gradient":""},"tablet":{"background-color":"var(--ast-global-color-5)","background-image":"","background-repeat":"repeat","background-position":"center center","background-size":"auto","background-attachment":"scroll","background-type":"","background-media":"","overlay-type":"","overlay-color":"","overlay-opacity":"","overlay-gradient":""},"mobile":{"background-color":"var(--ast-global-color-5)","background-image":"","background-repeat":"repeat","background-position":"center center","background-size":"auto","background-attachment":"scroll","background-type":"","background-media":"","overlay-type":"","overlay-color":"","overlay-opacity":"","overlay-gradient":""}}},"product_brand":[],"product_cat":[48],"product_tag":[],"class_list":{"0":"post-27350","1":"product","2":"type-product","3":"status-publish","4":"has-post-thumbnail","6":"product_cat-otrosservicios","7":"desktop-align-left","8":"tablet-align-left","9":"mobile-align-left","11":"first","12":"instock","13":"sale","14":"downloadable","15":"virtual","16":"taxable","17":"purchasable","18":"product-type-simple"},"uagb_featured_image_src":{"full":["https:\/\/profesionales.vip\/formacionpro\/wp-content\/uploads\/2024\/09\/Musica-7-scaled.jpg",2560,1707,false],"thumbnail":["https:\/\/profesionales.vip\/formacionpro\/wp-content\/uploads\/2024\/09\/Musica-7-150x150.jpg",150,150,true],"medium":["https:\/\/profesionales.vip\/formacionpro\/wp-content\/uploads\/2024\/09\/Musica-7-300x200.jpg",300,200,true],"medium_large":["https:\/\/profesionales.vip\/formacionpro\/wp-content\/uploads\/2024\/09\/Musica-7-768x512.jpg",768,512,true],"large":["https:\/\/profesionales.vip\/formacionpro\/wp-content\/uploads\/2024\/09\/Musica-7-1024x683.jpg",1024,683,true],"1536x1536":["https:\/\/profesionales.vip\/formacionpro\/wp-content\/uploads\/2024\/09\/Musica-7-1536x1024.jpg",1536,1024,true],"2048x2048":["https:\/\/profesionales.vip\/formacionpro\/wp-content\/uploads\/2024\/09\/Musica-7-2048x1365.jpg",2048,1365,true],"course_single":["https:\/\/profesionales.vip\/formacionpro\/wp-content\/uploads\/2024\/09\/Musica-7-scaled.jpg",600,400,false],"course_archive":["https:\/\/profesionales.vip\/formacionpro\/wp-content\/uploads\/2024\/09\/Musica-7-scaled.jpg",200,133,false],"woocommerce_thumbnail":["https:\/\/profesionales.vip\/formacionpro\/wp-content\/uploads\/2024\/09\/Musica-7-300x300.jpg",300,300,true],"woocommerce_single":["https:\/\/profesionales.vip\/formacionpro\/wp-content\/uploads\/2024\/09\/Musica-7-600x400.jpg",600,400,true],"woocommerce_gallery_thumbnail":["https:\/\/profesionales.vip\/formacionpro\/wp-content\/uploads\/2024\/09\/Musica-7-100x100.jpg",100,100,true]},"uagb_author_info":{"display_name":"jrecinos","author_link":"https:\/\/profesionales.vip\/formacionpro\/author\/"},"uagb_comment_info":0,"uagb_excerpt":"Video musical empresarial","_links":{"self":[{"href":"https:\/\/profesionales.vip\/formacionpro\/wp-json\/wp\/v2\/product\/27350","targetHints":{"allow":["GET"]}}],"collection":[{"href":"https:\/\/profesionales.vip\/formacionpro\/wp-json\/wp\/v2\/product"}],"about":[{"href":"https:\/\/profesionales.vip\/formacionpro\/wp-json\/wp\/v2\/types\/product"}],"wp:featuredmedia":[{"embeddable":true,"href":"https:\/\/profesionales.vip\/formacionpro\/wp-json\/wp\/v2\/media\/27514"}],"wp:attachment":[{"href":"https:\/\/profesionales.vip\/formacionpro\/wp-json\/wp\/v2\/media?parent=27350"}],"wp:term":[{"taxonomy":"product_brand","embeddable":true,"href":"https:\/\/profesionales.vip\/formacionpro\/wp-json\/wp\/v2\/product_brand?post=27350"},{"taxonomy":"product_cat","embeddable":true,"href":"https:\/\/profesionales.vip\/formacionpro\/wp-json\/wp\/v2\/product_cat?post=27350"},{"taxonomy":"product_tag","embeddable":true,"href":"https:\/\/profesionales.vip\/formacionpro\/wp-json\/wp\/v2\/product_tag?post=27350"}],"curies":[{"name":"wp","href":"https:\/\/api.w.org\/{rel}","templated":true}]}}