{"id":27351,"date":"2024-09-30T01:55:43","date_gmt":"2024-09-30T07:55:43","guid":{"rendered":"https:\/\/profesionales.vip\/formacionpro\/?post_type=product&#038;p=27351"},"modified":"2026-03-08T16:12:33","modified_gmt":"2026-03-08T22:12:33","slug":"correo-profesionales-vip-servicio-anual","status":"publish","type":"product","link":"https:\/\/profesionales.vip\/formacionpro\/producto\/correo-profesionales-vip-servicio-anual\/","title":{"rendered":"1 Correo con terminaci\u00f3n profesionales.vip (servicio anual)"},"content":{"rendered":"<p>Podr\u00e1s tener un correo @profesionales.vip y recibir\u00e1s la orientaci\u00f3n de como poder usarlo con 2Gb de espacio de correo. De esta manera podr\u00e1s tener un correo que mejore tu imagen empresarial.<\/p>\n<p>Tu decides que nombres deseas usar en tus correos.<\/p>\n<p>Ejemplos de correos profesionales que se pueden crear:<\/p>\n<p>juan@profesionales.vip<\/p>\n<p>maria@profesionales.vip<\/p>\n<p>exito@profesionales.vip<\/p>\n<p>&nbsp;<\/p>\n<p>En la compra de 5 correos profesionales tendr\u00e1s derecho a uno adicional sin costo.<\/p>\n<p>Por lo general, el espacio asignado de 2GB es ideal para gestionar correos empresariales. En caso de requerir mayor espacio, podr\u00eda ampliarse por un costo adicional.<\/p>\n","protected":false},"excerpt":{"rendered":"<p>Correo profesional<\/p>\n","protected":false},"featured_media":27485,"template":"","meta":{"_surecart_dashboard_logo_width":"180px","_surecart_dashboard_show_logo":true,"_surecart_dashboard_navigation_orders":true,"_surecart_dashboard_navigation_subscriptions":true,"_surecart_dashboard_navigation_downloads":true,"_surecart_dashboard_navigation_billing":true,"_surecart_dashboard_navigation_account":true,"_uag_custom_page_level_css":"","site-sidebar-layout":"default","site-content-layout":"","ast-site-content-layout":"default","site-content-style":"default","site-sidebar-style":"default","ast-global-header-display":"","ast-banner-title-visibility":"","ast-main-header-display":"","ast-hfb-above-header-display":"","ast-hfb-below-header-display":"","ast-hfb-mobile-header-display":"","site-post-title":"","ast-breadcrumbs-content":"","ast-featured-img":"","footer-sml-layout":"","theme-transparent-header-meta":"default","adv-header-id-meta":"","stick-header-meta":"","header-above-stick-meta":"","header-main-stick-meta":"","header-below-stick-meta":"","astra-migrate-meta-layouts":"set","ast-page-background-enabled":"default","ast-page-background-meta":{"desktop":{"background-color":"","background-image":"","background-repeat":"repeat","background-position":"center center","background-size":"auto","background-attachment":"scroll","background-type":"","background-media":"","overlay-type":"","overlay-color":"","overlay-opacity":"","overlay-gradient":""},"tablet":{"background-color":"","background-image":"","background-repeat":"repeat","background-position":"center center","background-size":"auto","background-attachment":"scroll","background-type":"","background-media":"","overlay-type":"","overlay-color":"","overlay-opacity":"","overlay-gradient":""},"mobile":{"background-color":"","background-image":"","background-repeat":"repeat","background-position":"center center","background-size":"auto","background-attachment":"scroll","background-type":"","background-media":"","overlay-type":"","overlay-color":"","overlay-opacity":"","overlay-gradient":""}},"ast-content-background-meta":{"desktop":{"background-color":"var(--ast-global-color-5)","background-image":"","background-repeat":"repeat","background-position":"center center","background-size":"auto","background-attachment":"scroll","background-type":"","background-media":"","overlay-type":"","overlay-color":"","overlay-opacity":"","overlay-gradient":""},"tablet":{"background-color":"var(--ast-global-color-5)","background-image":"","background-repeat":"repeat","background-position":"center center","background-size":"auto","background-attachment":"scroll","background-type":"","background-media":"","overlay-type":"","overlay-color":"","overlay-opacity":"","overlay-gradient":""},"mobile":{"background-color":"var(--ast-global-color-5)","background-image":"","background-repeat":"repeat","background-position":"center center","background-size":"auto","background-attachment":"scroll","background-type":"","background-media":"","overlay-type":"","overlay-color":"","overlay-opacity":"","overlay-gradient":""}}},"product_brand":[],"product_cat":[45],"product_tag":[],"class_list":{"0":"post-27351","1":"product","2":"type-product","3":"status-publish","4":"has-post-thumbnail","6":"product_cat-correoscorporativos","7":"desktop-align-left","8":"tablet-align-left","9":"mobile-align-left","11":"first","12":"instock","13":"sale","14":"downloadable","15":"virtual","16":"taxable","17":"purchasable","18":"product-type-simple"},"uagb_featured_image_src":{"full":["https:\/\/profesionales.vip\/formacionpro\/wp-content\/uploads\/2024\/09\/Correo-5-scaled.jpg",2560,1552,false],"thumbnail":["https:\/\/profesionales.vip\/formacionpro\/wp-content\/uploads\/2024\/09\/Correo-5-150x150.jpg",150,150,true],"medium":["https:\/\/profesionales.vip\/formacionpro\/wp-content\/uploads\/2024\/09\/Correo-5-300x182.jpg",300,182,true],"medium_large":["https:\/\/profesionales.vip\/formacionpro\/wp-content\/uploads\/2024\/09\/Correo-5-768x466.jpg",768,466,true],"large":["https:\/\/profesionales.vip\/formacionpro\/wp-content\/uploads\/2024\/09\/Correo-5-1024x621.jpg",1024,621,true],"1536x1536":["https:\/\/profesionales.vip\/formacionpro\/wp-content\/uploads\/2024\/09\/Correo-5-1536x931.jpg",1536,931,true],"2048x2048":["https:\/\/profesionales.vip\/formacionpro\/wp-content\/uploads\/2024\/09\/Correo-5-2048x1242.jpg",2048,1242,true],"course_single":["https:\/\/profesionales.vip\/formacionpro\/wp-content\/uploads\/2024\/09\/Correo-5-scaled.jpg",600,364,false],"course_archive":["https:\/\/profesionales.vip\/formacionpro\/wp-content\/uploads\/2024\/09\/Correo-5-scaled.jpg",200,121,false],"woocommerce_thumbnail":["https:\/\/profesionales.vip\/formacionpro\/wp-content\/uploads\/2024\/09\/Correo-5-300x300.jpg",300,300,true],"woocommerce_single":["https:\/\/profesionales.vip\/formacionpro\/wp-content\/uploads\/2024\/09\/Correo-5-600x364.jpg",600,364,true],"woocommerce_gallery_thumbnail":["https:\/\/profesionales.vip\/formacionpro\/wp-content\/uploads\/2024\/09\/Correo-5-100x100.jpg",100,100,true]},"uagb_author_info":{"display_name":"jrecinos","author_link":"https:\/\/profesionales.vip\/formacionpro\/author\/"},"uagb_comment_info":0,"uagb_excerpt":"Correo profesional","_links":{"self":[{"href":"https:\/\/profesionales.vip\/formacionpro\/wp-json\/wp\/v2\/product\/27351","targetHints":{"allow":["GET"]}}],"collection":[{"href":"https:\/\/profesionales.vip\/formacionpro\/wp-json\/wp\/v2\/product"}],"about":[{"href":"https:\/\/profesionales.vip\/formacionpro\/wp-json\/wp\/v2\/types\/product"}],"wp:featuredmedia":[{"embeddable":true,"href":"https:\/\/profesionales.vip\/formacionpro\/wp-json\/wp\/v2\/media\/27485"}],"wp:attachment":[{"href":"https:\/\/profesionales.vip\/formacionpro\/wp-json\/wp\/v2\/media?parent=27351"}],"wp:term":[{"taxonomy":"product_brand","embeddable":true,"href":"https:\/\/profesionales.vip\/formacionpro\/wp-json\/wp\/v2\/product_brand?post=27351"},{"taxonomy":"product_cat","embeddable":true,"href":"https:\/\/profesionales.vip\/formacionpro\/wp-json\/wp\/v2\/product_cat?post=27351"},{"taxonomy":"product_tag","embeddable":true,"href":"https:\/\/profesionales.vip\/formacionpro\/wp-json\/wp\/v2\/product_tag?post=27351"}],"curies":[{"name":"wp","href":"https:\/\/api.w.org\/{rel}","templated":true}]}}