{"id":27355,"date":"2024-09-30T02:01:17","date_gmt":"2024-09-30T08:01:17","guid":{"rendered":"https:\/\/profesionales.vip\/formacionpro\/?post_type=product&#038;p=27355"},"modified":"2026-03-08T16:11:56","modified_gmt":"2026-03-08T22:11:56","slug":"servicio-mensual-30-dias-de-acompanamiento-implementacion-facturacion-electronica","status":"publish","type":"product","link":"https:\/\/profesionales.vip\/formacionpro\/producto\/servicio-mensual-30-dias-de-acompanamiento-implementacion-facturacion-electronica\/","title":{"rendered":"Servicio Mensual (30 d\u00edas) de acompa\u00f1amiento implementaci\u00f3n Facturaci\u00f3n Electr\u00f3nica"},"content":{"rendered":"<p>JRecinos Profesional es experto en Facturaci\u00f3n Electr\u00f3nica y podr\u00e1s consultarle todo lo necesario o agendar reuniones para orientarte en el proceso de implementaci\u00f3n de tu sistema de Facturaci\u00f3n Electr\u00f3nica empresarial.<\/p>\n<p>Servicio se renueva cada 30 d\u00edas desde el d\u00eda de contrataci\u00f3n. M\u00e1ximo 6 horas de tiempo de acompa\u00f1amiento mensuales, tiempo mayor podr\u00eda requerir contrataci\u00f3n adicional.<\/p>\n","protected":false},"excerpt":{"rendered":"<p>JRecinos Profesional es experto en Facturaci\u00f3n Electr\u00f3nica y podr\u00e1s consultarle todo lo necesario o agendar reuniones para orientarte en el proceso de implementaci\u00f3n de tu sistema de Facturaci\u00f3n Electr\u00f3nica empresarial. Servicio se renueva cada 30 d\u00edas desde el d\u00eda de contrataci\u00f3n. M\u00e1ximo 6 horas de tiempo de acompa\u00f1amiento mensuales, tiempo mayor podr\u00eda requerir contrataci\u00f3n adicional.<\/p>\n","protected":false},"featured_media":27502,"template":"","meta":{"_surecart_dashboard_logo_width":"180px","_surecart_dashboard_show_logo":true,"_surecart_dashboard_navigation_orders":true,"_surecart_dashboard_navigation_subscriptions":true,"_surecart_dashboard_navigation_downloads":true,"_surecart_dashboard_navigation_billing":true,"_surecart_dashboard_navigation_account":true,"_uag_custom_page_level_css":"","site-sidebar-layout":"default","site-content-layout":"","ast-site-content-layout":"default","site-content-style":"default","site-sidebar-style":"default","ast-global-header-display":"","ast-banner-title-visibility":"","ast-main-header-display":"","ast-hfb-above-header-display":"","ast-hfb-below-header-display":"","ast-hfb-mobile-header-display":"","site-post-title":"","ast-breadcrumbs-content":"","ast-featured-img":"","footer-sml-layout":"","theme-transparent-header-meta":"default","adv-header-id-meta":"","stick-header-meta":"","header-above-stick-meta":"","header-main-stick-meta":"","header-below-stick-meta":"","astra-migrate-meta-layouts":"set","ast-page-background-enabled":"default","ast-page-background-meta":{"desktop":{"background-color":"","background-image":"","background-repeat":"repeat","background-position":"center center","background-size":"auto","background-attachment":"scroll","background-type":"","background-media":"","overlay-type":"","overlay-color":"","overlay-opacity":"","overlay-gradient":""},"tablet":{"background-color":"","background-image":"","background-repeat":"repeat","background-position":"center center","background-size":"auto","background-attachment":"scroll","background-type":"","background-media":"","overlay-type":"","overlay-color":"","overlay-opacity":"","overlay-gradient":""},"mobile":{"background-color":"","background-image":"","background-repeat":"repeat","background-position":"center center","background-size":"auto","background-attachment":"scroll","background-type":"","background-media":"","overlay-type":"","overlay-color":"","overlay-opacity":"","overlay-gradient":""}},"ast-content-background-meta":{"desktop":{"background-color":"var(--ast-global-color-5)","background-image":"","background-repeat":"repeat","background-position":"center center","background-size":"auto","background-attachment":"scroll","background-type":"","background-media":"","overlay-type":"","overlay-color":"","overlay-opacity":"","overlay-gradient":""},"tablet":{"background-color":"var(--ast-global-color-5)","background-image":"","background-repeat":"repeat","background-position":"center center","background-size":"auto","background-attachment":"scroll","background-type":"","background-media":"","overlay-type":"","overlay-color":"","overlay-opacity":"","overlay-gradient":""},"mobile":{"background-color":"var(--ast-global-color-5)","background-image":"","background-repeat":"repeat","background-position":"center center","background-size":"auto","background-attachment":"scroll","background-type":"","background-media":"","overlay-type":"","overlay-color":"","overlay-opacity":"","overlay-gradient":""}}},"product_brand":[],"product_cat":[47],"product_tag":[],"class_list":{"0":"post-27355","1":"product","2":"type-product","3":"status-publish","4":"has-post-thumbnail","6":"product_cat-asesoriasmensuales","7":"desktop-align-left","8":"tablet-align-left","9":"mobile-align-left","11":"first","12":"instock","13":"sale","14":"downloadable","15":"virtual","16":"taxable","17":"purchasable","18":"product-type-simple"},"uagb_featured_image_src":{"full":["https:\/\/profesionales.vip\/formacionpro\/wp-content\/uploads\/2024\/09\/Facturacion4-scaled.jpg",2560,2339,false],"thumbnail":["https:\/\/profesionales.vip\/formacionpro\/wp-content\/uploads\/2024\/09\/Facturacion4-150x150.jpg",150,150,true],"medium":["https:\/\/profesionales.vip\/formacionpro\/wp-content\/uploads\/2024\/09\/Facturacion4-300x274.jpg",300,274,true],"medium_large":["https:\/\/profesionales.vip\/formacionpro\/wp-content\/uploads\/2024\/09\/Facturacion4-768x702.jpg",768,702,true],"large":["https:\/\/profesionales.vip\/formacionpro\/wp-content\/uploads\/2024\/09\/Facturacion4-1024x936.jpg",1024,936,true],"1536x1536":["https:\/\/profesionales.vip\/formacionpro\/wp-content\/uploads\/2024\/09\/Facturacion4-1536x1403.jpg",1536,1403,true],"2048x2048":["https:\/\/profesionales.vip\/formacionpro\/wp-content\/uploads\/2024\/09\/Facturacion4-2048x1871.jpg",2048,1871,true],"course_single":["https:\/\/profesionales.vip\/formacionpro\/wp-content\/uploads\/2024\/09\/Facturacion4-scaled.jpg",493,450,false],"course_archive":["https:\/\/profesionales.vip\/formacionpro\/wp-content\/uploads\/2024\/09\/Facturacion4-scaled.jpg",164,150,false],"woocommerce_thumbnail":["https:\/\/profesionales.vip\/formacionpro\/wp-content\/uploads\/2024\/09\/Facturacion4-300x300.jpg",300,300,true],"woocommerce_single":["https:\/\/profesionales.vip\/formacionpro\/wp-content\/uploads\/2024\/09\/Facturacion4-600x548.jpg",600,548,true],"woocommerce_gallery_thumbnail":["https:\/\/profesionales.vip\/formacionpro\/wp-content\/uploads\/2024\/09\/Facturacion4-100x100.jpg",100,100,true]},"uagb_author_info":{"display_name":"jrecinos","author_link":"https:\/\/profesionales.vip\/formacionpro\/author\/"},"uagb_comment_info":0,"uagb_excerpt":"JRecinos Profesional es experto en Facturaci\u00f3n Electr\u00f3nica y podr\u00e1s consultarle todo lo necesario o agendar reuniones para orientarte en el proceso de implementaci\u00f3n de tu sistema de Facturaci\u00f3n Electr\u00f3nica empresarial. Servicio se renueva cada 30 d\u00edas desde el d\u00eda de contrataci\u00f3n. M\u00e1ximo 6 horas de tiempo de acompa\u00f1amiento mensuales, tiempo mayor podr\u00eda requerir contrataci\u00f3n adicional.","_links":{"self":[{"href":"https:\/\/profesionales.vip\/formacionpro\/wp-json\/wp\/v2\/product\/27355","targetHints":{"allow":["GET"]}}],"collection":[{"href":"https:\/\/profesionales.vip\/formacionpro\/wp-json\/wp\/v2\/product"}],"about":[{"href":"https:\/\/profesionales.vip\/formacionpro\/wp-json\/wp\/v2\/types\/product"}],"wp:featuredmedia":[{"embeddable":true,"href":"https:\/\/profesionales.vip\/formacionpro\/wp-json\/wp\/v2\/media\/27502"}],"wp:attachment":[{"href":"https:\/\/profesionales.vip\/formacionpro\/wp-json\/wp\/v2\/media?parent=27355"}],"wp:term":[{"taxonomy":"product_brand","embeddable":true,"href":"https:\/\/profesionales.vip\/formacionpro\/wp-json\/wp\/v2\/product_brand?post=27355"},{"taxonomy":"product_cat","embeddable":true,"href":"https:\/\/profesionales.vip\/formacionpro\/wp-json\/wp\/v2\/product_cat?post=27355"},{"taxonomy":"product_tag","embeddable":true,"href":"https:\/\/profesionales.vip\/formacionpro\/wp-json\/wp\/v2\/product_tag?post=27355"}],"curies":[{"name":"wp","href":"https:\/\/api.w.org\/{rel}","templated":true}]}}