{"id":27357,"date":"2024-09-30T02:02:28","date_gmt":"2024-09-30T08:02:28","guid":{"rendered":"https:\/\/profesionales.vip\/formacionpro\/?post_type=product&#038;p=27357"},"modified":"2026-03-08T16:11:39","modified_gmt":"2026-03-08T22:11:39","slug":"servicios-mensual-30-dias-de-asesoria-legal-empresarial","status":"publish","type":"product","link":"https:\/\/profesionales.vip\/formacionpro\/producto\/servicios-mensual-30-dias-de-asesoria-legal-empresarial\/","title":{"rendered":"Servicios Mensual (30 d\u00edas) de Asesor\u00eda Legal Empresarial"},"content":{"rendered":"<p>Con este servicio podr\u00e1s realizar consultas legales, contables, administrativas y de otro tipo con JRecinos Profesional.<\/p>\n<p>Tendr\u00e1s el n\u00famero de celular directo de JRecinos y podr\u00e1s acordar reuniones v\u00eda Zoom o presenciales de ser necesario.<\/p>\n<p>Solicitud de informes de asesor\u00eda por escrito podr\u00edan tener cargo adicional.<\/p>\n<p>Servicio durar\u00e1 30 d\u00edas calendario desde el d\u00eda de contrataci\u00f3n. M\u00e1ximo 6 horas de tiempo de asesor\u00edas mensuales, tiempo mayor podr\u00eda requerir contrataci\u00f3n adicional.<\/p>\n","protected":false},"excerpt":{"rendered":"<p>Con este servicio podr\u00e1s realizar consultas legales, contables, administrativas y de otro tipo con JRecinos Profesional. Tendr\u00e1s el n\u00famero de celular directo de JRecinos y podr\u00e1s acordar reuniones v\u00eda Zoom o presenciales de ser necesario. Solicitud de informes de asesor\u00eda por escrito podr\u00edan tener cargo adicional. Servicio durar\u00e1 30 d\u00edas calendario desde el d\u00eda de [&hellip;]<\/p>\n","protected":false},"featured_media":27509,"template":"","meta":{"_surecart_dashboard_logo_width":"180px","_surecart_dashboard_show_logo":true,"_surecart_dashboard_navigation_orders":true,"_surecart_dashboard_navigation_subscriptions":true,"_surecart_dashboard_navigation_downloads":true,"_surecart_dashboard_navigation_billing":true,"_surecart_dashboard_navigation_account":true,"_uag_custom_page_level_css":"","site-sidebar-layout":"default","site-content-layout":"","ast-site-content-layout":"default","site-content-style":"default","site-sidebar-style":"default","ast-global-header-display":"","ast-banner-title-visibility":"","ast-main-header-display":"","ast-hfb-above-header-display":"","ast-hfb-below-header-display":"","ast-hfb-mobile-header-display":"","site-post-title":"","ast-breadcrumbs-content":"","ast-featured-img":"","footer-sml-layout":"","theme-transparent-header-meta":"default","adv-header-id-meta":"","stick-header-meta":"","header-above-stick-meta":"","header-main-stick-meta":"","header-below-stick-meta":"","astra-migrate-meta-layouts":"set","ast-page-background-enabled":"default","ast-page-background-meta":{"desktop":{"background-color":"","background-image":"","background-repeat":"repeat","background-position":"center center","background-size":"auto","background-attachment":"scroll","background-type":"","background-media":"","overlay-type":"","overlay-color":"","overlay-opacity":"","overlay-gradient":""},"tablet":{"background-color":"","background-image":"","background-repeat":"repeat","background-position":"center center","background-size":"auto","background-attachment":"scroll","background-type":"","background-media":"","overlay-type":"","overlay-color":"","overlay-opacity":"","overlay-gradient":""},"mobile":{"background-color":"","background-image":"","background-repeat":"repeat","background-position":"center center","background-size":"auto","background-attachment":"scroll","background-type":"","background-media":"","overlay-type":"","overlay-color":"","overlay-opacity":"","overlay-gradient":""}},"ast-content-background-meta":{"desktop":{"background-color":"var(--ast-global-color-5)","background-image":"","background-repeat":"repeat","background-position":"center center","background-size":"auto","background-attachment":"scroll","background-type":"","background-media":"","overlay-type":"","overlay-color":"","overlay-opacity":"","overlay-gradient":""},"tablet":{"background-color":"var(--ast-global-color-5)","background-image":"","background-repeat":"repeat","background-position":"center center","background-size":"auto","background-attachment":"scroll","background-type":"","background-media":"","overlay-type":"","overlay-color":"","overlay-opacity":"","overlay-gradient":""},"mobile":{"background-color":"var(--ast-global-color-5)","background-image":"","background-repeat":"repeat","background-position":"center center","background-size":"auto","background-attachment":"scroll","background-type":"","background-media":"","overlay-type":"","overlay-color":"","overlay-opacity":"","overlay-gradient":""}}},"product_brand":[],"product_cat":[47],"product_tag":[],"class_list":{"0":"post-27357","1":"product","2":"type-product","3":"status-publish","4":"has-post-thumbnail","6":"product_cat-asesoriasmensuales","7":"desktop-align-left","8":"tablet-align-left","9":"mobile-align-left","11":"first","12":"instock","13":"sale","14":"downloadable","15":"virtual","16":"taxable","17":"purchasable","18":"product-type-simple"},"uagb_featured_image_src":{"full":["https:\/\/profesionales.vip\/formacionpro\/wp-content\/uploads\/2024\/09\/Asesoria-legal-scaled.jpg",1757,2560,false],"thumbnail":["https:\/\/profesionales.vip\/formacionpro\/wp-content\/uploads\/2024\/09\/Asesoria-legal-150x150.jpg",150,150,true],"medium":["https:\/\/profesionales.vip\/formacionpro\/wp-content\/uploads\/2024\/09\/Asesoria-legal-206x300.jpg",206,300,true],"medium_large":["https:\/\/profesionales.vip\/formacionpro\/wp-content\/uploads\/2024\/09\/Asesoria-legal-768x1119.jpg",768,1119,true],"large":["https:\/\/profesionales.vip\/formacionpro\/wp-content\/uploads\/2024\/09\/Asesoria-legal-703x1024.jpg",703,1024,true],"1536x1536":["https:\/\/profesionales.vip\/formacionpro\/wp-content\/uploads\/2024\/09\/Asesoria-legal-1054x1536.jpg",1054,1536,true],"2048x2048":["https:\/\/profesionales.vip\/formacionpro\/wp-content\/uploads\/2024\/09\/Asesoria-legal-1406x2048.jpg",1406,2048,true],"course_single":["https:\/\/profesionales.vip\/formacionpro\/wp-content\/uploads\/2024\/09\/Asesoria-legal-scaled.jpg",309,450,false],"course_archive":["https:\/\/profesionales.vip\/formacionpro\/wp-content\/uploads\/2024\/09\/Asesoria-legal-scaled.jpg",103,150,false],"woocommerce_thumbnail":["https:\/\/profesionales.vip\/formacionpro\/wp-content\/uploads\/2024\/09\/Asesoria-legal-300x300.jpg",300,300,true],"woocommerce_single":["https:\/\/profesionales.vip\/formacionpro\/wp-content\/uploads\/2024\/09\/Asesoria-legal-600x874.jpg",600,874,true],"woocommerce_gallery_thumbnail":["https:\/\/profesionales.vip\/formacionpro\/wp-content\/uploads\/2024\/09\/Asesoria-legal-100x100.jpg",100,100,true]},"uagb_author_info":{"display_name":"jrecinos","author_link":"https:\/\/profesionales.vip\/formacionpro\/author\/"},"uagb_comment_info":0,"uagb_excerpt":"Con este servicio podr\u00e1s realizar consultas legales, contables, administrativas y de otro tipo con JRecinos Profesional. Tendr\u00e1s el n\u00famero de celular directo de JRecinos y podr\u00e1s acordar reuniones v\u00eda Zoom o presenciales de ser necesario. Solicitud de informes de asesor\u00eda por escrito podr\u00edan tener cargo adicional. Servicio durar\u00e1 30 d\u00edas calendario desde el d\u00eda de&hellip;","_links":{"self":[{"href":"https:\/\/profesionales.vip\/formacionpro\/wp-json\/wp\/v2\/product\/27357","targetHints":{"allow":["GET"]}}],"collection":[{"href":"https:\/\/profesionales.vip\/formacionpro\/wp-json\/wp\/v2\/product"}],"about":[{"href":"https:\/\/profesionales.vip\/formacionpro\/wp-json\/wp\/v2\/types\/product"}],"wp:featuredmedia":[{"embeddable":true,"href":"https:\/\/profesionales.vip\/formacionpro\/wp-json\/wp\/v2\/media\/27509"}],"wp:attachment":[{"href":"https:\/\/profesionales.vip\/formacionpro\/wp-json\/wp\/v2\/media?parent=27357"}],"wp:term":[{"taxonomy":"product_brand","embeddable":true,"href":"https:\/\/profesionales.vip\/formacionpro\/wp-json\/wp\/v2\/product_brand?post=27357"},{"taxonomy":"product_cat","embeddable":true,"href":"https:\/\/profesionales.vip\/formacionpro\/wp-json\/wp\/v2\/product_cat?post=27357"},{"taxonomy":"product_tag","embeddable":true,"href":"https:\/\/profesionales.vip\/formacionpro\/wp-json\/wp\/v2\/product_tag?post=27357"}],"curies":[{"name":"wp","href":"https:\/\/api.w.org\/{rel}","templated":true}]}}