{"id":27530,"date":"2025-03-10T21:52:12","date_gmt":"2025-03-11T03:52:12","guid":{"rendered":"https:\/\/profesionales.vip\/formacionpro\/?post_type=product&#038;p=27530"},"modified":"2026-03-08T16:09:00","modified_gmt":"2026-03-08T22:09:00","slug":"licencia-mensual-gestordte-jrecinos","status":"publish","type":"product","link":"https:\/\/profesionales.vip\/formacionpro\/producto\/licencia-mensual-gestordte-jrecinos\/","title":{"rendered":"Licencia MENSUAL GestorDTE JRecinos"},"content":{"rendered":"<p>Con este servicio tendr\u00e1s una licencia mensual para el uso de la herramienta GestorDTE JRecinos con la cual podr\u00e1s gestionar de manera eficiente los DTE de tu empresa.<\/p>\n<p>Si eres un despacho contable este sistema te viene s\u00faper bien, ya que te permite gestionar DTEs de diversos clientes. De manera que ser\u00e1 muy f\u00e1cil descargar los DTE, validarlos, trasladarlos a los Anexos de IVA y muchas cosas m\u00e1s.<\/p>\n<p>Cada licencia puede usarse en <b>1 equipo<\/b>. Puedes contratar la cantidad de licencias que necesites.<\/p>\n<p>Servicio durar\u00e1 1 mes desde el d\u00eda de entrega de tu licencia.<\/p>\n<p>Si ya tienes licencia activa y contratas \u00e9sta, los plazos se te acumulan, es decir que no pierdes el plazo que ya tengas contratado.<\/p>\n<p>&nbsp;<\/p>\n<p><b>Tu licencia:<\/b> tu licencia es <b>tu correo electr\u00f3nico<\/b>, podr\u00e1s usarla inmediatamente despu\u00e9s de que tu pago quede completado. Cualquier duda puedes escribirnos al WhatsApp 6022-7331<\/p>\n<p><b>Garant\u00eda de calidad JRecinos:<\/b> El GestorDTE es un software que aporta mucho valor a sus usuarios y es f\u00e1cil de usar; sin embargo, si no est\u00e1s conforme con el GestorDTE, podr\u00e1s solicitar la devoluci\u00f3n del 100% del valor pagado siempre que lo hagas en los primeros diez d\u00edas despu\u00e9s de realizar tu pedido, solicitando la devoluci\u00f3n a: jrecinos@profesionales.vip<\/p>\n<p>&nbsp;<\/p>\n<p>Descarga el instalador: \u00a0\u00a0 \u00a0<a href=\"https:\/\/profesionales.vip\/GestorDTE_Pro\/GestorDTE%20JRecinos_Installer.exe\">Clic Aqu\u00ed<\/a><\/p>\n<p>Gu\u00eda de Instalaci\u00f3n R\u00e1pida: \u00a0 \u00a0 <a href=\"https:\/\/profesionales.vip\/GestorDTE_Pro\/Guia_instalacion_rapida_GestorDte_JRecinos.pdf\">Aqu\u00ed<\/a><\/p>\n<p>M\u00e1s informaci\u00f3n: <a href=\"https:\/\/profesionales.vip\/formacionpro\/info\/gestordte.php\">Aqu\u00ed<\/a><\/p>\n","protected":false},"excerpt":{"rendered":"<p>Con este servicio tendr\u00e1s una licencia mensual para el uso de la herramienta GestorDTE JRecinos con la cual podr\u00e1s gestionar de manera eficiente los DTE de tu empresa. Si eres un despacho contable este sistema te viene s\u00faper bien, ya que te permite gestionar DTEs de diversos clientes. De manera que ser\u00e1 muy f\u00e1cil descargar [&hellip;]<\/p>\n","protected":false},"featured_media":27563,"template":"","meta":{"_surecart_dashboard_logo_width":"180px","_surecart_dashboard_show_logo":true,"_surecart_dashboard_navigation_orders":true,"_surecart_dashboard_navigation_subscriptions":true,"_surecart_dashboard_navigation_downloads":true,"_surecart_dashboard_navigation_billing":true,"_surecart_dashboard_navigation_account":true,"_uag_custom_page_level_css":"","site-sidebar-layout":"default","site-content-layout":"","ast-site-content-layout":"default","site-content-style":"default","site-sidebar-style":"default","ast-global-header-display":"","ast-banner-title-visibility":"","ast-main-header-display":"","ast-hfb-above-header-display":"","ast-hfb-below-header-display":"","ast-hfb-mobile-header-display":"","site-post-title":"","ast-breadcrumbs-content":"","ast-featured-img":"","footer-sml-layout":"","theme-transparent-header-meta":"default","adv-header-id-meta":"","stick-header-meta":"","header-above-stick-meta":"","header-main-stick-meta":"","header-below-stick-meta":"","astra-migrate-meta-layouts":"set","ast-page-background-enabled":"default","ast-page-background-meta":{"desktop":{"background-color":"","background-image":"","background-repeat":"repeat","background-position":"center center","background-size":"auto","background-attachment":"scroll","background-type":"","background-media":"","overlay-type":"","overlay-color":"","overlay-opacity":"","overlay-gradient":""},"tablet":{"background-color":"","background-image":"","background-repeat":"repeat","background-position":"center center","background-size":"auto","background-attachment":"scroll","background-type":"","background-media":"","overlay-type":"","overlay-color":"","overlay-opacity":"","overlay-gradient":""},"mobile":{"background-color":"","background-image":"","background-repeat":"repeat","background-position":"center center","background-size":"auto","background-attachment":"scroll","background-type":"","background-media":"","overlay-type":"","overlay-color":"","overlay-opacity":"","overlay-gradient":""}},"ast-content-background-meta":{"desktop":{"background-color":"var(--ast-global-color-5)","background-image":"","background-repeat":"repeat","background-position":"center center","background-size":"auto","background-attachment":"scroll","background-type":"","background-media":"","overlay-type":"","overlay-color":"","overlay-opacity":"","overlay-gradient":""},"tablet":{"background-color":"var(--ast-global-color-5)","background-image":"","background-repeat":"repeat","background-position":"center center","background-size":"auto","background-attachment":"scroll","background-type":"","background-media":"","overlay-type":"","overlay-color":"","overlay-opacity":"","overlay-gradient":""},"mobile":{"background-color":"var(--ast-global-color-5)","background-image":"","background-repeat":"repeat","background-position":"center center","background-size":"auto","background-attachment":"scroll","background-type":"","background-media":"","overlay-type":"","overlay-color":"","overlay-opacity":"","overlay-gradient":""}}},"product_brand":[],"product_cat":[43],"product_tag":[],"class_list":{"0":"post-27530","1":"product","2":"type-product","3":"status-publish","4":"has-post-thumbnail","6":"product_cat-gestordte","7":"desktop-align-left","8":"tablet-align-left","9":"mobile-align-left","11":"first","12":"instock","13":"sale","14":"downloadable","15":"virtual","16":"taxable","17":"purchasable","18":"product-type-simple"},"uagb_featured_image_src":{"full":["https:\/\/profesionales.vip\/formacionpro\/wp-content\/uploads\/2025\/03\/Menu-1.jpg",1600,1021,false],"thumbnail":["https:\/\/profesionales.vip\/formacionpro\/wp-content\/uploads\/2025\/03\/Menu-1-150x150.jpg",150,150,true],"medium":["https:\/\/profesionales.vip\/formacionpro\/wp-content\/uploads\/2025\/03\/Menu-1-300x191.jpg",300,191,true],"medium_large":["https:\/\/profesionales.vip\/formacionpro\/wp-content\/uploads\/2025\/03\/Menu-1-768x490.jpg",768,490,true],"large":["https:\/\/profesionales.vip\/formacionpro\/wp-content\/uploads\/2025\/03\/Menu-1-1024x653.jpg",1024,653,true],"1536x1536":["https:\/\/profesionales.vip\/formacionpro\/wp-content\/uploads\/2025\/03\/Menu-1-1536x980.jpg",1536,980,true],"2048x2048":["https:\/\/profesionales.vip\/formacionpro\/wp-content\/uploads\/2025\/03\/Menu-1.jpg",1600,1021,false],"course_single":["https:\/\/profesionales.vip\/formacionpro\/wp-content\/uploads\/2025\/03\/Menu-1.jpg",600,383,false],"course_archive":["https:\/\/profesionales.vip\/formacionpro\/wp-content\/uploads\/2025\/03\/Menu-1.jpg",200,128,false],"woocommerce_thumbnail":["https:\/\/profesionales.vip\/formacionpro\/wp-content\/uploads\/2025\/03\/Menu-1-300x300.jpg",300,300,true],"woocommerce_single":["https:\/\/profesionales.vip\/formacionpro\/wp-content\/uploads\/2025\/03\/Menu-1-600x383.jpg",600,383,true],"woocommerce_gallery_thumbnail":["https:\/\/profesionales.vip\/formacionpro\/wp-content\/uploads\/2025\/03\/Menu-1-100x100.jpg",100,100,true]},"uagb_author_info":{"display_name":"jrecinos","author_link":"https:\/\/profesionales.vip\/formacionpro\/author\/"},"uagb_comment_info":0,"uagb_excerpt":"Con este servicio tendr\u00e1s una licencia mensual para el uso de la herramienta GestorDTE JRecinos con la cual podr\u00e1s gestionar de manera eficiente los DTE de tu empresa. Si eres un despacho contable este sistema te viene s\u00faper bien, ya que te permite gestionar DTEs de diversos clientes. De manera que ser\u00e1 muy f\u00e1cil descargar&hellip;","_links":{"self":[{"href":"https:\/\/profesionales.vip\/formacionpro\/wp-json\/wp\/v2\/product\/27530","targetHints":{"allow":["GET"]}}],"collection":[{"href":"https:\/\/profesionales.vip\/formacionpro\/wp-json\/wp\/v2\/product"}],"about":[{"href":"https:\/\/profesionales.vip\/formacionpro\/wp-json\/wp\/v2\/types\/product"}],"wp:featuredmedia":[{"embeddable":true,"href":"https:\/\/profesionales.vip\/formacionpro\/wp-json\/wp\/v2\/media\/27563"}],"wp:attachment":[{"href":"https:\/\/profesionales.vip\/formacionpro\/wp-json\/wp\/v2\/media?parent=27530"}],"wp:term":[{"taxonomy":"product_brand","embeddable":true,"href":"https:\/\/profesionales.vip\/formacionpro\/wp-json\/wp\/v2\/product_brand?post=27530"},{"taxonomy":"product_cat","embeddable":true,"href":"https:\/\/profesionales.vip\/formacionpro\/wp-json\/wp\/v2\/product_cat?post=27530"},{"taxonomy":"product_tag","embeddable":true,"href":"https:\/\/profesionales.vip\/formacionpro\/wp-json\/wp\/v2\/product_tag?post=27530"}],"curies":[{"name":"wp","href":"https:\/\/api.w.org\/{rel}","templated":true}]}}